{"id":20,"date":"2021-02-25T16:34:24","date_gmt":"2021-02-25T16:34:24","guid":{"rendered":"https:\/\/www.perfecthouse.hu\/?page_id=20"},"modified":"2026-04-04T11:33:32","modified_gmt":"2026-04-04T11:33:32","slug":"allvanyozas-es-allvanyrendszer-berles","status":"publish","type":"page","link":"https:\/\/www.perfecthouse.hu\/?page_id=20","title":{"rendered":"\u00c1llv\u00e1nyoz\u00e1s \u00e9s \u00e1llv\u00e1nyrendszer b\u00e9rbead\u00e1s"},"content":{"rendered":"\n<p>Ha a h\u00e1z\u00e1t nem mi \u00e9pitj\u00fck, de \u00e1llv\u00e1nyra lenne sz\u00fcks\u00e9ge, akkor j\u00f3 helyen j\u00e1r. <\/p>\n\n\n\n<p>Layher Blitz \u00e1llv\u00e1nyrendszer\u00fcnkkel minden megrendel\u0151i ig\u00e9nyt ki tudunk el\u00e9giteni, ami a csal\u00e1di h\u00e1zakn\u00e1l felmer\u00fclhet.<\/p>\n\n\n\n<p> A b\u00e9rleti dijr\u00f3l \u00e9s az \u00e1llv\u00e1ny \u00e1llit\u00e1s\u00e1nak dij\u00e1r\u00f3l \u00e9rdekl\u0151dj\u00f6n telefonon.<br>&nbsp;<\/p>\n","protected":false},"excerpt":{"rendered":"<p>Ha a h\u00e1z\u00e1t nem mi \u00e9pitj\u00fck, de \u00e1llv\u00e1nyra lenne sz\u00fcks\u00e9ge, akkor j\u00f3 helyen j\u00e1r. Layher Blitz \u00e1llv\u00e1nyrendszer\u00fcnkkel minden megrendel\u0151i ig\u00e9nyt ki tudunk el\u00e9giteni, ami a csal\u00e1di h\u00e1zakn\u00e1l felmer\u00fclhet. A b\u00e9rleti dijr\u00f3l \u00e9s az \u00e1llv\u00e1ny \u00e1llit\u00e1s\u00e1nak dij\u00e1r\u00f3l \u00e9rdekl\u0151dj\u00f6n telefonon.&nbsp;<\/p>\n","protected":false},"author":1,"featured_media":0,"parent":0,"menu_order":0,"comment_status":"closed","ping_status":"closed","template":"","meta":[],"yoast_head":"<!-- This site is optimized with the Yoast SEO plugin v15.9 - https:\/\/yoast.com\/wordpress\/plugins\/seo\/ -->\n<title>\u00c1llv\u00e1nyoz\u00e1s \u00e9s \u00e1llv\u00e1nyrendszer b\u00e9rbead\u00e1s - Perfect House Building Kft. %<\/title>\n<meta name=\"description\" content=\"%\u00e1llv\u00e1nyoz\u00e1s \u00e9s \u00e1llv\u00e1ny b\u00e9rbead\u00e1s kedvez\u0151 \u00e1ron\" \/>\n<meta name=\"robots\" content=\"index, follow, max-snippet:-1, max-image-preview:large, max-video-preview:-1\" \/>\n<link rel=\"canonical\" href=\"https:\/\/www.perfecthouse.hu\/?page_id=20\" \/>\n<meta property=\"og:locale\" content=\"hu_HU\" \/>\n<meta property=\"og:type\" content=\"article\" \/>\n<meta property=\"og:title\" content=\"\u00c1llv\u00e1nyoz\u00e1s \u00e9s \u00e1llv\u00e1nyrendszer b\u00e9rbead\u00e1s - Perfect House Building Kft. %\" \/>\n<meta property=\"og:description\" content=\"%\u00e1llv\u00e1nyoz\u00e1s \u00e9s \u00e1llv\u00e1ny b\u00e9rbead\u00e1s kedvez\u0151 \u00e1ron\" \/>\n<meta property=\"og:url\" content=\"https:\/\/www.perfecthouse.hu\/?page_id=20\" \/>\n<meta property=\"og:site_name\" content=\"Perfect House Building Kft.\" \/>\n<meta property=\"article:modified_time\" content=\"2026-04-04T11:33:32+00:00\" \/>\n<meta name=\"twitter:card\" content=\"summary_large_image\" \/>\n<meta name=\"twitter:label1\" content=\"Becs\u00fclt olvas\u00e1si id\u0151\">\n\t<meta name=\"twitter:data1\" content=\"1 perc\">\n<script type=\"application\/ld+json\" class=\"yoast-schema-graph\">{\"@context\":\"https:\/\/schema.org\",\"@graph\":[{\"@type\":\"WebSite\",\"@id\":\"https:\/\/www.perfecthouse.hu\/#website\",\"url\":\"https:\/\/www.perfecthouse.hu\/\",\"name\":\"Perfect House Building Kft.\",\"description\":\"&quot;Tervt\\u0151l a kertig&quot;\",\"potentialAction\":[{\"@type\":\"SearchAction\",\"target\":\"https:\/\/www.perfecthouse.hu\/?s={search_term_string}\",\"query-input\":\"required name=search_term_string\"}],\"inLanguage\":\"hu\"},{\"@type\":\"WebPage\",\"@id\":\"https:\/\/www.perfecthouse.hu\/?page_id=20#webpage\",\"url\":\"https:\/\/www.perfecthouse.hu\/?page_id=20\",\"name\":\"\\u00c1llv\\u00e1nyoz\\u00e1s \\u00e9s \\u00e1llv\\u00e1nyrendszer b\\u00e9rbead\\u00e1s - Perfect House Building Kft. %\",\"isPartOf\":{\"@id\":\"https:\/\/www.perfecthouse.hu\/#website\"},\"datePublished\":\"2021-02-25T16:34:24+00:00\",\"dateModified\":\"2026-04-04T11:33:32+00:00\",\"description\":\"%\\u00e1llv\\u00e1nyoz\\u00e1s \\u00e9s \\u00e1llv\\u00e1ny b\\u00e9rbead\\u00e1s kedvez\\u0151 \\u00e1ron\",\"breadcrumb\":{\"@id\":\"https:\/\/www.perfecthouse.hu\/?page_id=20#breadcrumb\"},\"inLanguage\":\"hu\",\"potentialAction\":[{\"@type\":\"ReadAction\",\"target\":[\"https:\/\/www.perfecthouse.hu\/?page_id=20\"]}]},{\"@type\":\"BreadcrumbList\",\"@id\":\"https:\/\/www.perfecthouse.hu\/?page_id=20#breadcrumb\",\"itemListElement\":[{\"@type\":\"ListItem\",\"position\":1,\"item\":{\"@type\":\"WebPage\",\"@id\":\"https:\/\/www.perfecthouse.hu\/\",\"url\":\"https:\/\/www.perfecthouse.hu\/\",\"name\":\"Home\"}},{\"@type\":\"ListItem\",\"position\":2,\"item\":{\"@type\":\"WebPage\",\"@id\":\"https:\/\/www.perfecthouse.hu\/?page_id=20\",\"url\":\"https:\/\/www.perfecthouse.hu\/?page_id=20\",\"name\":\"\\u00c1llv\\u00e1nyoz\\u00e1s \\u00e9s \\u00e1llv\\u00e1nyrendszer b\\u00e9rbead\\u00e1s\"}}]}]}<\/script>\n<!-- \/ Yoast SEO plugin. -->","_links":{"self":[{"href":"https:\/\/www.perfecthouse.hu\/index.php?rest_route=\/wp\/v2\/pages\/20"}],"collection":[{"href":"https:\/\/www.perfecthouse.hu\/index.php?rest_route=\/wp\/v2\/pages"}],"about":[{"href":"https:\/\/www.perfecthouse.hu\/index.php?rest_route=\/wp\/v2\/types\/page"}],"author":[{"embeddable":true,"href":"https:\/\/www.perfecthouse.hu\/index.php?rest_route=\/wp\/v2\/users\/1"}],"replies":[{"embeddable":true,"href":"https:\/\/www.perfecthouse.hu\/index.php?rest_route=%2Fwp%2Fv2%2Fcomments&post=20"}],"version-history":[{"count":4,"href":"https:\/\/www.perfecthouse.hu\/index.php?rest_route=\/wp\/v2\/pages\/20\/revisions"}],"predecessor-version":[{"id":201,"href":"https:\/\/www.perfecthouse.hu\/index.php?rest_route=\/wp\/v2\/pages\/20\/revisions\/201"}],"wp:attachment":[{"href":"https:\/\/www.perfecthouse.hu\/index.php?rest_route=%2Fwp%2Fv2%2Fmedia&parent=20"}],"curies":[{"name":"wp","href":"https:\/\/api.w.org\/{rel}","templated":true}]}}