{"id":18,"date":"2021-02-25T16:34:24","date_gmt":"2021-02-25T16:34:24","guid":{"rendered":"https:\/\/www.perfecthouse.hu\/?page_id=18"},"modified":"2021-03-02T12:06:51","modified_gmt":"2021-03-02T12:06:51","slug":"kertepites-es-kertrendezes","status":"publish","type":"page","link":"https:\/\/www.perfecthouse.hu\/?page_id=18","title":{"rendered":"Kert\u00e9pit\u00e9s \u00e9s kertrendez\u00e9s"},"content":{"rendered":"\n<p id=\"wnd_TextBlock_109517_inner_2\">C\u00e9g\u00fcnk kertek gondoz\u00e1s\u00e1val is foglakozik. STIHL g\u00e9pparkunkkal b\u00e1rmely ter\u00fclet karbantart\u00e1s\u00e1t k\u00f6nnyed\u00e9n el tudjuk v\u00e9gezni. Ha a munkav\u00e9gz\u00e9s helye csendet kiv\u00e1n, akkumul\u00e1toros g\u00e9pekkel is ki tudnk sz\u00e1llni, nyugodtabb\u00e1 t\u00e9ve az \u00d6N k\u00f6rnyezet\u00e9t.<\/p>\n\n\n\n<p>Ha szebb\u00e9 szeretn\u00e9 var\u00e1zsolni kertj\u00e9t, forduljon hozz\u00e1nk bizalommal \u00e9s n\u00e9zze meg referencia munk\u00e1inkat a Gal\u00e9ri\u00e1ban.<\/p>\n\n\n\n<p id=\"wnd_TextBlock_109517_inner_3\">V\u00e1llaljuk:<\/p>\n\n\n\n<p id=\"wnd_TextBlock_109517_inner_4\">&#8211; kertek rendez\u00e9s\u00e9t- karbantart\u00e1s\u00e1t<\/p>\n\n\n\n<p id=\"wnd_TextBlock_109517_inner_5\">&#8211; kert\u00e9pit\u00e9st&nbsp;<\/p>\n\n\n\n<p id=\"wnd_TextBlock_109517_inner_6\">&#8211; \u00f6nt\u00f6z\u0151rendszer \u00e9s robotf\u0171nyir\u00f3 telepit\u00e9st<\/p>\n","protected":false},"excerpt":{"rendered":"<p>C\u00e9g\u00fcnk kertek gondoz\u00e1s\u00e1val is foglakozik. STIHL g\u00e9pparkunkkal b\u00e1rmely ter\u00fclet karbantart\u00e1s\u00e1t k\u00f6nnyed\u00e9n el tudjuk v\u00e9gezni. Ha a munkav\u00e9gz\u00e9s helye csendet kiv\u00e1n, akkumul\u00e1toros g\u00e9pekkel is ki tudnk sz\u00e1llni, nyugodtabb\u00e1 t\u00e9ve az \u00d6N k\u00f6rnyezet\u00e9t. Ha szebb\u00e9 szeretn\u00e9 var\u00e1zsolni kertj\u00e9t, forduljon hozz\u00e1nk bizalommal \u00e9s n\u00e9zze meg referencia munk\u00e1inkat a Gal\u00e9ri\u00e1ban. V\u00e1llaljuk: &#8211; kertek rendez\u00e9s\u00e9t- karbantart\u00e1s\u00e1t &#8211; kert\u00e9pit\u00e9st&nbsp; &#8211; \u00f6nt\u00f6z\u0151rendszer [&hellip;]<\/p>\n","protected":false},"author":1,"featured_media":0,"parent":0,"menu_order":0,"comment_status":"closed","ping_status":"closed","template":"","meta":[],"yoast_head":"<!-- This site is optimized with the Yoast SEO plugin v15.9 - https:\/\/yoast.com\/wordpress\/plugins\/seo\/ -->\n<title>Kert\u00e9pit\u00e9s \u00e9s kertrendez\u00e9s - Perfect House Building Kft.<\/title>\n<meta name=\"description\" content=\"Kertek rendez\u00e9s\u00e9t \u00e9s kert\u00e9pit\u00e9s is v\u00e1llalunk\" \/>\n<meta name=\"robots\" content=\"index, follow, max-snippet:-1, max-image-preview:large, max-video-preview:-1\" \/>\n<link rel=\"canonical\" href=\"https:\/\/www.perfecthouse.hu\/?page_id=18\" \/>\n<meta property=\"og:locale\" content=\"hu_HU\" \/>\n<meta property=\"og:type\" content=\"article\" \/>\n<meta property=\"og:title\" content=\"Kert\u00e9pit\u00e9s \u00e9s kertrendez\u00e9s - Perfect House Building Kft.\" \/>\n<meta property=\"og:description\" content=\"Kertek rendez\u00e9s\u00e9t \u00e9s kert\u00e9pit\u00e9s is v\u00e1llalunk\" \/>\n<meta property=\"og:url\" content=\"https:\/\/www.perfecthouse.hu\/?page_id=18\" \/>\n<meta property=\"og:site_name\" content=\"Perfect House Building Kft.\" \/>\n<meta property=\"article:modified_time\" content=\"2021-03-02T12:06:51+00:00\" \/>\n<meta name=\"twitter:card\" content=\"summary_large_image\" \/>\n<meta name=\"twitter:label1\" content=\"Becs\u00fclt olvas\u00e1si id\u0151\">\n\t<meta name=\"twitter:data1\" content=\"1 perc\">\n<script type=\"application\/ld+json\" class=\"yoast-schema-graph\">{\"@context\":\"https:\/\/schema.org\",\"@graph\":[{\"@type\":\"WebSite\",\"@id\":\"https:\/\/www.perfecthouse.hu\/#website\",\"url\":\"https:\/\/www.perfecthouse.hu\/\",\"name\":\"Perfect House Building Kft.\",\"description\":\"&quot;Tervt\\u0151l a kertig&quot;\",\"potentialAction\":[{\"@type\":\"SearchAction\",\"target\":\"https:\/\/www.perfecthouse.hu\/?s={search_term_string}\",\"query-input\":\"required name=search_term_string\"}],\"inLanguage\":\"hu\"},{\"@type\":\"WebPage\",\"@id\":\"https:\/\/www.perfecthouse.hu\/?page_id=18#webpage\",\"url\":\"https:\/\/www.perfecthouse.hu\/?page_id=18\",\"name\":\"Kert\\u00e9pit\\u00e9s \\u00e9s kertrendez\\u00e9s - Perfect House Building Kft.\",\"isPartOf\":{\"@id\":\"https:\/\/www.perfecthouse.hu\/#website\"},\"datePublished\":\"2021-02-25T16:34:24+00:00\",\"dateModified\":\"2021-03-02T12:06:51+00:00\",\"description\":\"Kertek rendez\\u00e9s\\u00e9t \\u00e9s kert\\u00e9pit\\u00e9s is v\\u00e1llalunk\",\"breadcrumb\":{\"@id\":\"https:\/\/www.perfecthouse.hu\/?page_id=18#breadcrumb\"},\"inLanguage\":\"hu\",\"potentialAction\":[{\"@type\":\"ReadAction\",\"target\":[\"https:\/\/www.perfecthouse.hu\/?page_id=18\"]}]},{\"@type\":\"BreadcrumbList\",\"@id\":\"https:\/\/www.perfecthouse.hu\/?page_id=18#breadcrumb\",\"itemListElement\":[{\"@type\":\"ListItem\",\"position\":1,\"item\":{\"@type\":\"WebPage\",\"@id\":\"https:\/\/www.perfecthouse.hu\/\",\"url\":\"https:\/\/www.perfecthouse.hu\/\",\"name\":\"Home\"}},{\"@type\":\"ListItem\",\"position\":2,\"item\":{\"@type\":\"WebPage\",\"@id\":\"https:\/\/www.perfecthouse.hu\/?page_id=18\",\"url\":\"https:\/\/www.perfecthouse.hu\/?page_id=18\",\"name\":\"Kert\\u00e9pit\\u00e9s \\u00e9s kertrendez\\u00e9s\"}}]}]}<\/script>\n<!-- \/ Yoast SEO plugin. -->","_links":{"self":[{"href":"https:\/\/www.perfecthouse.hu\/index.php?rest_route=\/wp\/v2\/pages\/18"}],"collection":[{"href":"https:\/\/www.perfecthouse.hu\/index.php?rest_route=\/wp\/v2\/pages"}],"about":[{"href":"https:\/\/www.perfecthouse.hu\/index.php?rest_route=\/wp\/v2\/types\/page"}],"author":[{"embeddable":true,"href":"https:\/\/www.perfecthouse.hu\/index.php?rest_route=\/wp\/v2\/users\/1"}],"replies":[{"embeddable":true,"href":"https:\/\/www.perfecthouse.hu\/index.php?rest_route=%2Fwp%2Fv2%2Fcomments&post=18"}],"version-history":[{"count":2,"href":"https:\/\/www.perfecthouse.hu\/index.php?rest_route=\/wp\/v2\/pages\/18\/revisions"}],"predecessor-version":[{"id":55,"href":"https:\/\/www.perfecthouse.hu\/index.php?rest_route=\/wp\/v2\/pages\/18\/revisions\/55"}],"wp:attachment":[{"href":"https:\/\/www.perfecthouse.hu\/index.php?rest_route=%2Fwp%2Fv2%2Fmedia&parent=18"}],"curies":[{"name":"wp","href":"https:\/\/api.w.org\/{rel}","templated":true}]}}