{"id":147,"date":"2022-05-25T16:13:43","date_gmt":"2022-05-25T16:13:43","guid":{"rendered":"https:\/\/www.perfecthouse.hu\/?page_id=147"},"modified":"2026-04-04T11:15:29","modified_gmt":"2026-04-04T11:15:29","slug":"palyazatok","status":"publish","type":"page","link":"https:\/\/www.perfecthouse.hu\/?page_id=147","title":{"rendered":"P\u00e1ly\u00e1zatok"},"content":{"rendered":"\n<ul class=\"has-black-color has-white-background-color has-text-color has-background\"><li>Kedvezm\u00e9nyezett neve: Perfect House Building Kft.<\/li><li>Projekt azonos\u00edt\u00f3: <strong>GINOP_PLUSZ-1.2.2-22-2022-00992 <\/strong><\/li><li>A fejleszt\u00e9s t\u00e1rgya, c\u00e9lja: Hat\u00e9konys\u00e1g \u00e9s versenyk\u00e9pess\u00e9g n\u00f6vel\u0151 technol\u00f3gia-fejleszt\u00e9s a Perfect House Building Kft. telephely\u00e9n<\/li><li>a szerz\u0151d\u00f6tt t\u00e1mogat\u00e1s \u00f6sszege: 10\u00a0000 000 Ft<\/li><\/ul>\n\n\n\n<ul><li>C\u00e9g\u00fcnk a nagyobb volumen\u0171 feladatokat csak k\u00f6lcs\u00f6nz\u00f6tt eszk\u00f6zzel, vagy k\u00fcls\u0151 megrendel\u00e9ssel tudta biztos\u00edtani. A munk\u00e1latokhoz sz\u00fcks\u00e9ges technol\u00f3giai fejleszt\u00e9s nem csak a kivitelez\u0151i kapacit\u00e1s b\u0151v\u00edt\u00e9se miatt sz\u00fcks\u00e9ges, hanem a gazdas\u00e1gi hat\u00e9konys\u00e1g, k\u00f6lts\u00e9gmegtakar\u00edt\u00e1s miatt is. A sz\u00fcks\u00e9ges munk\u00e1ra a megadott param\u00e9terek alapj\u00e1n a Verbis Kft. \u00e1ltal forgalmazott Avant 860i Univerz\u00e1lis minirakod\u00f3t v\u00e1lasztottuk, mely ma az egyik legkorszer\u0171bb megold\u00e1st k\u00e9pviseli a piacon.<\/li><li>A projekt befejez\u00e9si d\u00e1tuma: 2022.05.11.<\/li><\/ul>\n\n\n\n<figure class=\"wp-block-image size-large\"><img loading=\"lazy\" width=\"1024\" height=\"724\" src=\"https:\/\/www.perfecthouse.hu\/wp-content\/uploads\/2022\/05\/Palyazat-1024x724.jpg\" alt=\"\" class=\"wp-image-155\" srcset=\"https:\/\/www.perfecthouse.hu\/wp-content\/uploads\/2022\/05\/Palyazat-1024x724.jpg 1024w, https:\/\/www.perfecthouse.hu\/wp-content\/uploads\/2022\/05\/Palyazat-300x212.jpg 300w, https:\/\/www.perfecthouse.hu\/wp-content\/uploads\/2022\/05\/Palyazat-768x543.jpg 768w, https:\/\/www.perfecthouse.hu\/wp-content\/uploads\/2022\/05\/Palyazat-1536x1086.jpg 1536w, https:\/\/www.perfecthouse.hu\/wp-content\/uploads\/2022\/05\/Palyazat-2048x1448.jpg 2048w\" sizes=\"(max-width: 1024px) 100vw, 1024px\" \/><\/figure>\n","protected":false},"excerpt":{"rendered":"<p>Kedvezm\u00e9nyezett neve: Perfect House Building Kft. Projekt azonos\u00edt\u00f3: GINOP_PLUSZ-1.2.2-22-2022-00992 A fejleszt\u00e9s t\u00e1rgya, c\u00e9lja: Hat\u00e9konys\u00e1g \u00e9s versenyk\u00e9pess\u00e9g n\u00f6vel\u0151 technol\u00f3gia-fejleszt\u00e9s a Perfect House Building Kft. telephely\u00e9n a szerz\u0151d\u00f6tt t\u00e1mogat\u00e1s \u00f6sszege: 10\u00a0000 000 Ft C\u00e9g\u00fcnk a nagyobb volumen\u0171 feladatokat csak k\u00f6lcs\u00f6nz\u00f6tt eszk\u00f6zzel, vagy k\u00fcls\u0151 megrendel\u00e9ssel tudta biztos\u00edtani. A munk\u00e1latokhoz sz\u00fcks\u00e9ges technol\u00f3giai fejleszt\u00e9s nem csak a kivitelez\u0151i kapacit\u00e1s b\u0151v\u00edt\u00e9se [&hellip;]<\/p>\n","protected":false},"author":1,"featured_media":0,"parent":0,"menu_order":0,"comment_status":"closed","ping_status":"closed","template":"","meta":[],"yoast_head":"<!-- This site is optimized with the Yoast SEO plugin v15.9 - https:\/\/yoast.com\/wordpress\/plugins\/seo\/ -->\n<title>P\u00e1ly\u00e1zatok - Perfect House Building Kft.<\/title>\n<meta name=\"robots\" content=\"index, follow, max-snippet:-1, max-image-preview:large, max-video-preview:-1\" \/>\n<link rel=\"canonical\" href=\"https:\/\/www.perfecthouse.hu\/?page_id=147\" \/>\n<meta property=\"og:locale\" content=\"hu_HU\" \/>\n<meta property=\"og:type\" content=\"article\" \/>\n<meta property=\"og:title\" content=\"P\u00e1ly\u00e1zatok - Perfect House Building Kft.\" \/>\n<meta property=\"og:description\" content=\"Kedvezm\u00e9nyezett neve: Perfect House Building Kft. Projekt azonos\u00edt\u00f3: GINOP_PLUSZ-1.2.2-22-2022-00992 A fejleszt\u00e9s t\u00e1rgya, c\u00e9lja: Hat\u00e9konys\u00e1g \u00e9s versenyk\u00e9pess\u00e9g n\u00f6vel\u0151 technol\u00f3gia-fejleszt\u00e9s a Perfect House Building Kft. telephely\u00e9n a szerz\u0151d\u00f6tt t\u00e1mogat\u00e1s \u00f6sszege: 10\u00a0000 000 Ft C\u00e9g\u00fcnk a nagyobb volumen\u0171 feladatokat csak k\u00f6lcs\u00f6nz\u00f6tt eszk\u00f6zzel, vagy k\u00fcls\u0151 megrendel\u00e9ssel tudta biztos\u00edtani. A munk\u00e1latokhoz sz\u00fcks\u00e9ges technol\u00f3giai fejleszt\u00e9s nem csak a kivitelez\u0151i kapacit\u00e1s b\u0151v\u00edt\u00e9se [&hellip;]\" \/>\n<meta property=\"og:url\" content=\"https:\/\/www.perfecthouse.hu\/?page_id=147\" \/>\n<meta property=\"og:site_name\" content=\"Perfect House Building Kft.\" \/>\n<meta property=\"article:modified_time\" content=\"2026-04-04T11:15:29+00:00\" \/>\n<meta property=\"og:image\" content=\"https:\/\/www.perfecthouse.hu\/wp-content\/uploads\/2022\/05\/Palyazat-1024x724.jpg\" \/>\n<meta name=\"twitter:card\" content=\"summary_large_image\" \/>\n<meta name=\"twitter:label1\" content=\"Becs\u00fclt olvas\u00e1si id\u0151\">\n\t<meta name=\"twitter:data1\" content=\"1 perc\">\n<script type=\"application\/ld+json\" class=\"yoast-schema-graph\">{\"@context\":\"https:\/\/schema.org\",\"@graph\":[{\"@type\":\"WebSite\",\"@id\":\"https:\/\/www.perfecthouse.hu\/#website\",\"url\":\"https:\/\/www.perfecthouse.hu\/\",\"name\":\"Perfect House Building Kft.\",\"description\":\"&quot;Tervt\\u0151l a kertig&quot;\",\"potentialAction\":[{\"@type\":\"SearchAction\",\"target\":\"https:\/\/www.perfecthouse.hu\/?s={search_term_string}\",\"query-input\":\"required name=search_term_string\"}],\"inLanguage\":\"hu\"},{\"@type\":\"ImageObject\",\"@id\":\"https:\/\/www.perfecthouse.hu\/?page_id=147#primaryimage\",\"inLanguage\":\"hu\",\"url\":\"https:\/\/www.perfecthouse.hu\/wp-content\/uploads\/2022\/05\/Palyazat-scaled.jpg\",\"width\":2560,\"height\":1810},{\"@type\":\"WebPage\",\"@id\":\"https:\/\/www.perfecthouse.hu\/?page_id=147#webpage\",\"url\":\"https:\/\/www.perfecthouse.hu\/?page_id=147\",\"name\":\"P\\u00e1ly\\u00e1zatok - Perfect House Building Kft.\",\"isPartOf\":{\"@id\":\"https:\/\/www.perfecthouse.hu\/#website\"},\"primaryImageOfPage\":{\"@id\":\"https:\/\/www.perfecthouse.hu\/?page_id=147#primaryimage\"},\"datePublished\":\"2022-05-25T16:13:43+00:00\",\"dateModified\":\"2026-04-04T11:15:29+00:00\",\"breadcrumb\":{\"@id\":\"https:\/\/www.perfecthouse.hu\/?page_id=147#breadcrumb\"},\"inLanguage\":\"hu\",\"potentialAction\":[{\"@type\":\"ReadAction\",\"target\":[\"https:\/\/www.perfecthouse.hu\/?page_id=147\"]}]},{\"@type\":\"BreadcrumbList\",\"@id\":\"https:\/\/www.perfecthouse.hu\/?page_id=147#breadcrumb\",\"itemListElement\":[{\"@type\":\"ListItem\",\"position\":1,\"item\":{\"@type\":\"WebPage\",\"@id\":\"https:\/\/www.perfecthouse.hu\/\",\"url\":\"https:\/\/www.perfecthouse.hu\/\",\"name\":\"Home\"}},{\"@type\":\"ListItem\",\"position\":2,\"item\":{\"@type\":\"WebPage\",\"@id\":\"https:\/\/www.perfecthouse.hu\/?page_id=147\",\"url\":\"https:\/\/www.perfecthouse.hu\/?page_id=147\",\"name\":\"P\\u00e1ly\\u00e1zatok\"}}]}]}<\/script>\n<!-- \/ Yoast SEO plugin. -->","_links":{"self":[{"href":"https:\/\/www.perfecthouse.hu\/index.php?rest_route=\/wp\/v2\/pages\/147"}],"collection":[{"href":"https:\/\/www.perfecthouse.hu\/index.php?rest_route=\/wp\/v2\/pages"}],"about":[{"href":"https:\/\/www.perfecthouse.hu\/index.php?rest_route=\/wp\/v2\/types\/page"}],"author":[{"embeddable":true,"href":"https:\/\/www.perfecthouse.hu\/index.php?rest_route=\/wp\/v2\/users\/1"}],"replies":[{"embeddable":true,"href":"https:\/\/www.perfecthouse.hu\/index.php?rest_route=%2Fwp%2Fv2%2Fcomments&post=147"}],"version-history":[{"count":5,"href":"https:\/\/www.perfecthouse.hu\/index.php?rest_route=\/wp\/v2\/pages\/147\/revisions"}],"predecessor-version":[{"id":200,"href":"https:\/\/www.perfecthouse.hu\/index.php?rest_route=\/wp\/v2\/pages\/147\/revisions\/200"}],"wp:attachment":[{"href":"https:\/\/www.perfecthouse.hu\/index.php?rest_route=%2Fwp%2Fv2%2Fmedia&parent=147"}],"curies":[{"name":"wp","href":"https:\/\/api.w.org\/{rel}","templated":true}]}}