{"id":12,"date":"2021-02-25T16:34:23","date_gmt":"2021-02-25T16:34:23","guid":{"rendered":"https:\/\/www.perfecthouse.hu\/?page_id=12"},"modified":"2026-04-28T11:19:44","modified_gmt":"2026-04-28T11:19:44","slug":"generalkivitelezes","status":"publish","type":"page","link":"https:\/\/www.perfecthouse.hu\/","title":{"rendered":"\u00dcdv\u00f6z\u00f6lj\u00fck"},"content":{"rendered":"\n<p>K\u00f6sz\u00f6nj\u00fck, hogy ell\u00e1togatott honlapunkra.<\/p>\n\n\n\n<p>C\u00e9g\u00fcnk csal\u00e1di h\u00e1zak kivitelez\u00e9s\u00e9vel \u00e9s fel\u00fajit\u00e1s\u00e1val foglalkozik m\u00e1r t\u00f6bb mint 5 \u00e9ve.<br>Szakembereink jelent\u0151s, t\u00f6bb \u00e9vtizedes tapasztalattal rendelkeznek.<\/p>\n\n\n\n<p>K\u00e9rem tekintse meg a Gal\u00e9ri\u00e1ban munk\u00e1inkat.<br><br><\/p>\n\n\n\n<h3 id=\"wnd_TextBlock_234447_inner_1\"><br>B\u0151vebb inform\u00e1ci\u00f3k\u00e9rt k\u00e9rem h\u00edvjon, vagy \u00edrjon!<\/h3>\n","protected":false},"excerpt":{"rendered":"<p>K\u00f6sz\u00f6nj\u00fck, hogy ell\u00e1togatott honlapunkra. C\u00e9g\u00fcnk csal\u00e1di h\u00e1zak kivitelez\u00e9s\u00e9vel \u00e9s fel\u00fajit\u00e1s\u00e1val foglalkozik m\u00e1r t\u00f6bb mint 5 \u00e9ve.Szakembereink jelent\u0151s, t\u00f6bb \u00e9vtizedes tapasztalattal rendelkeznek. K\u00e9rem tekintse meg a Gal\u00e9ri\u00e1ban munk\u00e1inkat. B\u0151vebb inform\u00e1ci\u00f3k\u00e9rt k\u00e9rem h\u00edvjon, vagy \u00edrjon!<\/p>\n","protected":false},"author":1,"featured_media":0,"parent":0,"menu_order":0,"comment_status":"closed","ping_status":"closed","template":"","meta":[],"yoast_head":"<!-- This site is optimized with the Yoast SEO plugin v15.9 - https:\/\/yoast.com\/wordpress\/plugins\/seo\/ -->\n<title>\u00dcdv\u00f6z\u00f6lj\u00fck - Perfect House Building Kft.<\/title>\n<meta name=\"robots\" content=\"index, follow, max-snippet:-1, max-image-preview:large, max-video-preview:-1\" \/>\n<link rel=\"canonical\" href=\"https:\/\/www.perfecthouse.hu\/\" \/>\n<meta property=\"og:locale\" content=\"hu_HU\" \/>\n<meta property=\"og:type\" content=\"article\" \/>\n<meta property=\"og:title\" content=\"\u00dcdv\u00f6z\u00f6lj\u00fck - Perfect House Building Kft.\" \/>\n<meta property=\"og:description\" content=\"K\u00f6sz\u00f6nj\u00fck, hogy ell\u00e1togatott honlapunkra. C\u00e9g\u00fcnk csal\u00e1di h\u00e1zak kivitelez\u00e9s\u00e9vel \u00e9s fel\u00fajit\u00e1s\u00e1val foglalkozik m\u00e1r t\u00f6bb mint 5 \u00e9ve.Szakembereink jelent\u0151s, t\u00f6bb \u00e9vtizedes tapasztalattal rendelkeznek. K\u00e9rem tekintse meg a Gal\u00e9ri\u00e1ban munk\u00e1inkat. B\u0151vebb inform\u00e1ci\u00f3k\u00e9rt k\u00e9rem h\u00edvjon, vagy \u00edrjon!\" \/>\n<meta property=\"og:url\" content=\"https:\/\/www.perfecthouse.hu\/\" \/>\n<meta property=\"og:site_name\" content=\"Perfect House Building Kft.\" \/>\n<meta property=\"article:modified_time\" content=\"2026-04-28T11:19:44+00:00\" \/>\n<meta name=\"twitter:card\" content=\"summary_large_image\" \/>\n<meta name=\"twitter:label1\" content=\"Becs\u00fclt olvas\u00e1si id\u0151\">\n\t<meta name=\"twitter:data1\" content=\"1 perc\">\n<script type=\"application\/ld+json\" class=\"yoast-schema-graph\">{\"@context\":\"https:\/\/schema.org\",\"@graph\":[{\"@type\":\"WebSite\",\"@id\":\"https:\/\/www.perfecthouse.hu\/#website\",\"url\":\"https:\/\/www.perfecthouse.hu\/\",\"name\":\"Perfect House Building Kft.\",\"description\":\"&quot;Tervt\\u0151l a kertig&quot;\",\"potentialAction\":[{\"@type\":\"SearchAction\",\"target\":\"https:\/\/www.perfecthouse.hu\/?s={search_term_string}\",\"query-input\":\"required name=search_term_string\"}],\"inLanguage\":\"hu\"},{\"@type\":\"WebPage\",\"@id\":\"https:\/\/www.perfecthouse.hu\/#webpage\",\"url\":\"https:\/\/www.perfecthouse.hu\/\",\"name\":\"\\u00dcdv\\u00f6z\\u00f6lj\\u00fck - Perfect House Building Kft.\",\"isPartOf\":{\"@id\":\"https:\/\/www.perfecthouse.hu\/#website\"},\"datePublished\":\"2021-02-25T16:34:23+00:00\",\"dateModified\":\"2026-04-28T11:19:44+00:00\",\"breadcrumb\":{\"@id\":\"https:\/\/www.perfecthouse.hu\/#breadcrumb\"},\"inLanguage\":\"hu\",\"potentialAction\":[{\"@type\":\"ReadAction\",\"target\":[\"https:\/\/www.perfecthouse.hu\/\"]}]},{\"@type\":\"BreadcrumbList\",\"@id\":\"https:\/\/www.perfecthouse.hu\/#breadcrumb\",\"itemListElement\":[{\"@type\":\"ListItem\",\"position\":1,\"item\":{\"@type\":\"WebPage\",\"@id\":\"https:\/\/www.perfecthouse.hu\/\",\"url\":\"https:\/\/www.perfecthouse.hu\/\",\"name\":\"Home\"}},{\"@type\":\"ListItem\",\"position\":2,\"item\":{\"@type\":\"WebPage\",\"@id\":\"https:\/\/www.perfecthouse.hu\/\",\"url\":\"https:\/\/www.perfecthouse.hu\/\",\"name\":\"\\u00dcdv\\u00f6z\\u00f6lj\\u00fck\"}}]}]}<\/script>\n<!-- \/ Yoast SEO plugin. -->","_links":{"self":[{"href":"https:\/\/www.perfecthouse.hu\/index.php?rest_route=\/wp\/v2\/pages\/12"}],"collection":[{"href":"https:\/\/www.perfecthouse.hu\/index.php?rest_route=\/wp\/v2\/pages"}],"about":[{"href":"https:\/\/www.perfecthouse.hu\/index.php?rest_route=\/wp\/v2\/types\/page"}],"author":[{"embeddable":true,"href":"https:\/\/www.perfecthouse.hu\/index.php?rest_route=\/wp\/v2\/users\/1"}],"replies":[{"embeddable":true,"href":"https:\/\/www.perfecthouse.hu\/index.php?rest_route=%2Fwp%2Fv2%2Fcomments&post=12"}],"version-history":[{"count":6,"href":"https:\/\/www.perfecthouse.hu\/index.php?rest_route=\/wp\/v2\/pages\/12\/revisions"}],"predecessor-version":[{"id":209,"href":"https:\/\/www.perfecthouse.hu\/index.php?rest_route=\/wp\/v2\/pages\/12\/revisions\/209"}],"wp:attachment":[{"href":"https:\/\/www.perfecthouse.hu\/index.php?rest_route=%2Fwp%2Fv2%2Fmedia&parent=12"}],"curies":[{"name":"wp","href":"https:\/\/api.w.org\/{rel}","templated":true}]}}